{"id":412,"date":"2016-06-17T12:11:48","date_gmt":"2016-06-17T12:11:48","guid":{"rendered":"http:\/\/www.notariat-bachmann.ch\/fr\/?page_id=412"},"modified":"2023-10-25T15:35:53","modified_gmt":"2023-10-25T15:35:53","slug":"presentation","status":"publish","type":"page","link":"https:\/\/www.notariat-bachmann.ch\/fr\/","title":{"rendered":"Presentation"},"content":{"rendered":"<p>[et_pb_section fb_built=\u00a0\u00bb1&Prime; custom_padding_last_edited=\u00a0\u00bbon|desktop\u00a0\u00bb admin_label=\u00a0\u00bbsection\u00a0\u00bb _builder_version=\u00a0\u00bb3.22&Prime; background_color=\u00a0\u00bb#ffffff\u00a0\u00bb background_image=\u00a0\u00bbhttp:\/\/www.notariat-bachmann.ch\/wp-content\/uploads\/2016\/05\/25_ueber_uns.png\u00a0\u00bb custom_padding=\u00a0\u00bb|0px|150px|\u00a0\u00bb custom_padding_tablet=\u00a0\u00bb50px|0|50px|0&Prime; custom_padding_phone=\u00a0\u00bb\u00a0\u00bb transparent_background=\u00a0\u00bboff\u00a0\u00bb padding_mobile=\u00a0\u00bboff\u00a0\u00bb make_fullwidth=\u00a0\u00bboff\u00a0\u00bb use_custom_width=\u00a0\u00bboff\u00a0\u00bb width_unit=\u00a0\u00bbon\u00a0\u00bb][et_pb_row column_structure=\u00a0\u00bb1_2,1_2&Prime; admin_label=\u00a0\u00bbrow\u00a0\u00bb _builder_version=\u00a0\u00bb3.25&Prime; background_size=\u00a0\u00bbinitial\u00a0\u00bb background_position=\u00a0\u00bbtop_left\u00a0\u00bb background_repeat=\u00a0\u00bbrepeat\u00a0\u00bb][et_pb_column type=\u00a0\u00bb1_2&Prime; _builder_version=\u00a0\u00bb3.25&Prime; custom_padding=\u00a0\u00bb|||\u00a0\u00bb custom_padding__hover=\u00a0\u00bb|||\u00a0\u00bb][\/et_pb_column][et_pb_column type=\u00a0\u00bb1_2&Prime; _builder_version=\u00a0\u00bb3.25&Prime; custom_padding=\u00a0\u00bb|||\u00a0\u00bb custom_padding__hover=\u00a0\u00bb|||\u00a0\u00bb][et_pb_text admin_label=\u00a0\u00bbText\u00a0\u00bb _builder_version=\u00a0\u00bb4.9.0&Prime; background_size=\u00a0\u00bbinitial\u00a0\u00bb background_position=\u00a0\u00bbtop_left\u00a0\u00bb background_repeat=\u00a0\u00bbrepeat\u00a0\u00bb custom_padding=\u00a0\u00bb20px|20px|20px|20px\u00a0\u00bb hover_enabled=\u00a0\u00bb0&Prime; use_border_color=\u00a0\u00bboff\u00a0\u00bb border_color=\u00a0\u00bb#ffffff\u00a0\u00bb border_style=\u00a0\u00bbsolid\u00a0\u00bb sticky_enabled=\u00a0\u00bb0&Prime;]<\/p>\n<h2 style=\"color: #0066b2;\">Le notariat Bachmann est synonyme d\u2019une longue exp\u00e9rience de Daniel Bachmann<\/h2>\n<p>en tant qu\u2019avocat d\u2019affaires et conseiller en droit des soci\u00e9t\u00e9s, droit commercial et planification des successions priv\u00e9es et d\u2019entreprises non seulement en Suisse, mais aussi sur le plan international.<\/p>\n<h2 style=\"color: #0066b2;\">Nos services s\u2019\u00e9tendent des op\u00e9rations<\/h2>\n<p>relevant du droit des soci\u00e9t\u00e9s aux dispositions matrimoniales et successorales, en passant par une multitude d\u2019autres prestations notariales. De plus, notre client\u00e8le est constitu\u00e9e tant de personnes physiques que de personnes morales.<\/p>\n<h2 style=\"color: #0066b2;\">Notre \u00e9tude est sp\u00e9cialis\u00e9e<\/h2>\n<p>dans la cr\u00e9ation d\u2019actes multilingues. De ce fait, nous sommes en mesure de r\u00e9pondre \u00e0 des besoins particuliers de clients internationaux ou parlants une langue \u00e9trang\u00e8re.<\/p>\n<p>Dans les dossiers surpassant le domaine notarial, nous collaborons \u00e9troitement\u00a0avec le cabinet d\u2019avocats Eversheds Sutherland <a href=\"http:\/\/www.eversheds-sutherland.ch\" target=\"_blank\" rel=\"noopener\">(www.eversheds-sutherland.ch)<\/a>, pr\u00e9sent en Suisse \u00e0 Berne, Gen\u00e8ve, Zoug et Zurich et pr\u00e9sence \u00e0 travers le monde.<\/p>\n<p><a href=\"https:\/\/www.notariat-bachmann.ch\/fr\/declaration-de-protection-des-donnees\/\" target=\"_blank\" rel=\"noopener\">D\u00c9CLARATION DE PROTECTION DES DONN\u00c9ES<\/a><\/p>\n<p>[\/et_pb_text][\/et_pb_column][\/et_pb_row][\/et_pb_section]<\/p>\n","protected":false},"excerpt":{"rendered":"<p>[et_pb_section fb_built=\u00a0\u00bb1&Prime; custom_padding_last_edited=\u00a0\u00bbon|desktop\u00a0\u00bb admin_label=\u00a0\u00bbsection\u00a0\u00bb _builder_version=\u00a0\u00bb3.22&Prime; background_color=\u00a0\u00bb#ffffff\u00a0\u00bb background_image=\u00a0\u00bbhttp:\/\/www.notariat-bachmann.ch\/wp-content\/uploads\/2016\/05\/25_ueber_uns.png\u00a0\u00bb custom_padding=\u00a0\u00bb|0px|150px|\u00a0\u00bb custom_padding_tablet=\u00a0\u00bb50px|0|50px|0&Prime; custom_padding_phone=\u00a0\u00bb\u00a0\u00bb transparent_background=\u00a0\u00bboff\u00a0\u00bb padding_mobile=\u00a0\u00bboff\u00a0\u00bb make_fullwidth=\u00a0\u00bboff\u00a0\u00bb use_custom_width=\u00a0\u00bboff\u00a0\u00bb width_unit=\u00a0\u00bbon\u00a0\u00bb][et_pb_row column_structure=\u00a0\u00bb1_2,1_2&Prime; admin_label=\u00a0\u00bbrow\u00a0\u00bb _builder_version=\u00a0\u00bb3.25&Prime; background_size=\u00a0\u00bbinitial\u00a0\u00bb background_position=\u00a0\u00bbtop_left\u00a0\u00bb background_repeat=\u00a0\u00bbrepeat\u00a0\u00bb][et_pb_column type=\u00a0\u00bb1_2&Prime; _builder_version=\u00a0\u00bb3.25&Prime; custom_padding=\u00a0\u00bb|||\u00a0\u00bb custom_padding__hover=\u00a0\u00bb|||\u00a0\u00bb][\/et_pb_column][et_pb_column type=\u00a0\u00bb1_2&Prime; _builder_version=\u00a0\u00bb3.25&Prime; custom_padding=\u00a0\u00bb|||\u00a0\u00bb custom_padding__hover=\u00a0\u00bb|||\u00a0\u00bb][et_pb_text admin_label=\u00a0\u00bbText\u00a0\u00bb _builder_version=\u00a0\u00bb4.9.0&Prime; background_size=\u00a0\u00bbinitial\u00a0\u00bb background_position=\u00a0\u00bbtop_left\u00a0\u00bb background_repeat=\u00a0\u00bbrepeat\u00a0\u00bb custom_padding=\u00a0\u00bb20px|20px|20px|20px\u00a0\u00bb hover_enabled=\u00a0\u00bb0&Prime; use_border_color=\u00a0\u00bboff\u00a0\u00bb border_color=\u00a0\u00bb#ffffff\u00a0\u00bb border_style=\u00a0\u00bbsolid\u00a0\u00bb sticky_enabled=\u00a0\u00bb0&Prime;] Le notariat Bachmann est synonyme d\u2019une longue exp\u00e9rience de Daniel Bachmann en tant qu\u2019avocat d\u2019affaires [&hellip;]<\/p>\n","protected":false},"author":1,"featured_media":0,"parent":0,"menu_order":0,"comment_status":"closed","ping_status":"closed","template":"","meta":{"_et_pb_use_builder":"on","_et_pb_old_content":"","_et_gb_content_width":"","footnotes":""},"yoast_head":"<!-- This site is optimized with the Yoast SEO plugin v21.4 - https:\/\/yoast.com\/wordpress\/plugins\/seo\/ -->\n<title>Presentation - Notariat Bachmann<\/title>\n<meta name=\"description\" content=\"\u00c0 la t\u00eate de l\u2019\u00e9tude de notaire Bachmann, Daniel Bachmann a accumul\u00e9 plus de 30 ann\u00e9es d\u2019exp\u00e9rience en tant qu\u2019avocat d\u2019affaires.\" \/>\n<meta name=\"robots\" content=\"index, follow, max-snippet:-1, max-image-preview:large, max-video-preview:-1\" \/>\n<link rel=\"canonical\" href=\"https:\/\/www.notariat-bachmann.ch\/fr\/\" \/>\n<meta property=\"og:locale\" content=\"fr_FR\" \/>\n<meta property=\"og:type\" content=\"article\" \/>\n<meta property=\"og:title\" content=\"Presentation - Notariat Bachmann\" \/>\n<meta property=\"og:description\" content=\"\u00c0 la t\u00eate de l\u2019\u00e9tude de notaire Bachmann, Daniel Bachmann a accumul\u00e9 plus de 30 ann\u00e9es d\u2019exp\u00e9rience en tant qu\u2019avocat d\u2019affaires.\" \/>\n<meta property=\"og:url\" content=\"https:\/\/www.notariat-bachmann.ch\/fr\/\" \/>\n<meta property=\"og:site_name\" content=\"Notariat Bachmann\" \/>\n<meta property=\"article:modified_time\" content=\"2023-10-25T15:35:53+00:00\" \/>\n<meta name=\"twitter:card\" content=\"summary_large_image\" \/>\n<meta name=\"twitter:label1\" content=\"Dur\u00e9e de lecture estim\u00e9e\" \/>\n\t<meta name=\"twitter:data1\" content=\"2 minutes\" \/>\n<script type=\"application\/ld+json\" class=\"yoast-schema-graph\">{\"@context\":\"https:\/\/schema.org\",\"@graph\":[{\"@type\":\"WebPage\",\"@id\":\"https:\/\/www.notariat-bachmann.ch\/fr\/\",\"url\":\"https:\/\/www.notariat-bachmann.ch\/fr\/\",\"name\":\"Presentation - Notariat Bachmann\",\"isPartOf\":{\"@id\":\"https:\/\/www.notariat-bachmann.ch\/#website\"},\"datePublished\":\"2016-06-17T12:11:48+00:00\",\"dateModified\":\"2023-10-25T15:35:53+00:00\",\"description\":\"\u00c0 la t\u00eate de l\u2019\u00e9tude de notaire Bachmann, Daniel Bachmann a accumul\u00e9 plus de 30 ann\u00e9es d\u2019exp\u00e9rience en tant qu\u2019avocat d\u2019affaires.\",\"breadcrumb\":{\"@id\":\"https:\/\/www.notariat-bachmann.ch\/fr\/#breadcrumb\"},\"inLanguage\":\"fr-FR\",\"potentialAction\":[{\"@type\":\"ReadAction\",\"target\":[\"https:\/\/www.notariat-bachmann.ch\/fr\/\"]}]},{\"@type\":\"BreadcrumbList\",\"@id\":\"https:\/\/www.notariat-bachmann.ch\/fr\/#breadcrumb\",\"itemListElement\":[{\"@type\":\"ListItem\",\"position\":1,\"name\":\"Startseite\",\"item\":\"https:\/\/www.notariat-bachmann.ch\/fr\/\"},{\"@type\":\"ListItem\",\"position\":2,\"name\":\"Presentation\"}]},{\"@type\":\"WebSite\",\"@id\":\"https:\/\/www.notariat-bachmann.ch\/#website\",\"url\":\"https:\/\/www.notariat-bachmann.ch\/\",\"name\":\"Notariat Bachmann\",\"description\":\"Daniel Bachmann\",\"potentialAction\":[{\"@type\":\"SearchAction\",\"target\":{\"@type\":\"EntryPoint\",\"urlTemplate\":\"https:\/\/www.notariat-bachmann.ch\/?s={search_term_string}\"},\"query-input\":\"required name=search_term_string\"}],\"inLanguage\":\"fr-FR\"}]}<\/script>\n<!-- \/ Yoast SEO plugin. -->","yoast_head_json":{"title":"Presentation - Notariat Bachmann","description":"\u00c0 la t\u00eate de l\u2019\u00e9tude de notaire Bachmann, Daniel Bachmann a accumul\u00e9 plus de 30 ann\u00e9es d\u2019exp\u00e9rience en tant qu\u2019avocat d\u2019affaires.","robots":{"index":"index","follow":"follow","max-snippet":"max-snippet:-1","max-image-preview":"max-image-preview:large","max-video-preview":"max-video-preview:-1"},"canonical":"https:\/\/www.notariat-bachmann.ch\/fr\/","og_locale":"fr_FR","og_type":"article","og_title":"Presentation - Notariat Bachmann","og_description":"\u00c0 la t\u00eate de l\u2019\u00e9tude de notaire Bachmann, Daniel Bachmann a accumul\u00e9 plus de 30 ann\u00e9es d\u2019exp\u00e9rience en tant qu\u2019avocat d\u2019affaires.","og_url":"https:\/\/www.notariat-bachmann.ch\/fr\/","og_site_name":"Notariat Bachmann","article_modified_time":"2023-10-25T15:35:53+00:00","twitter_card":"summary_large_image","twitter_misc":{"Dur\u00e9e de lecture estim\u00e9e":"2 minutes"},"schema":{"@context":"https:\/\/schema.org","@graph":[{"@type":"WebPage","@id":"https:\/\/www.notariat-bachmann.ch\/fr\/","url":"https:\/\/www.notariat-bachmann.ch\/fr\/","name":"Presentation - Notariat Bachmann","isPartOf":{"@id":"https:\/\/www.notariat-bachmann.ch\/#website"},"datePublished":"2016-06-17T12:11:48+00:00","dateModified":"2023-10-25T15:35:53+00:00","description":"\u00c0 la t\u00eate de l\u2019\u00e9tude de notaire Bachmann, Daniel Bachmann a accumul\u00e9 plus de 30 ann\u00e9es d\u2019exp\u00e9rience en tant qu\u2019avocat d\u2019affaires.","breadcrumb":{"@id":"https:\/\/www.notariat-bachmann.ch\/fr\/#breadcrumb"},"inLanguage":"fr-FR","potentialAction":[{"@type":"ReadAction","target":["https:\/\/www.notariat-bachmann.ch\/fr\/"]}]},{"@type":"BreadcrumbList","@id":"https:\/\/www.notariat-bachmann.ch\/fr\/#breadcrumb","itemListElement":[{"@type":"ListItem","position":1,"name":"Startseite","item":"https:\/\/www.notariat-bachmann.ch\/fr\/"},{"@type":"ListItem","position":2,"name":"Presentation"}]},{"@type":"WebSite","@id":"https:\/\/www.notariat-bachmann.ch\/#website","url":"https:\/\/www.notariat-bachmann.ch\/","name":"Notariat Bachmann","description":"Daniel Bachmann","potentialAction":[{"@type":"SearchAction","target":{"@type":"EntryPoint","urlTemplate":"https:\/\/www.notariat-bachmann.ch\/?s={search_term_string}"},"query-input":"required name=search_term_string"}],"inLanguage":"fr-FR"}]}},"_links":{"self":[{"href":"https:\/\/www.notariat-bachmann.ch\/fr\/wp-json\/wp\/v2\/pages\/412"}],"collection":[{"href":"https:\/\/www.notariat-bachmann.ch\/fr\/wp-json\/wp\/v2\/pages"}],"about":[{"href":"https:\/\/www.notariat-bachmann.ch\/fr\/wp-json\/wp\/v2\/types\/page"}],"author":[{"embeddable":true,"href":"https:\/\/www.notariat-bachmann.ch\/fr\/wp-json\/wp\/v2\/users\/1"}],"replies":[{"embeddable":true,"href":"https:\/\/www.notariat-bachmann.ch\/fr\/wp-json\/wp\/v2\/comments?post=412"}],"version-history":[{"count":12,"href":"https:\/\/www.notariat-bachmann.ch\/fr\/wp-json\/wp\/v2\/pages\/412\/revisions"}],"predecessor-version":[{"id":690,"href":"https:\/\/www.notariat-bachmann.ch\/fr\/wp-json\/wp\/v2\/pages\/412\/revisions\/690"}],"wp:attachment":[{"href":"https:\/\/www.notariat-bachmann.ch\/fr\/wp-json\/wp\/v2\/media?parent=412"}],"curies":[{"name":"wp","href":"https:\/\/api.w.org\/{rel}","templated":true}]}}