{"id":415,"date":"2016-06-17T12:16:49","date_gmt":"2016-06-17T12:16:49","guid":{"rendered":"http:\/\/www.notariat-bachmann.ch\/fr\/?page_id=415"},"modified":"2023-10-20T15:04:15","modified_gmt":"2023-10-20T15:04:15","slug":"services","status":"publish","type":"page","link":"https:\/\/www.notariat-bachmann.ch\/fr\/services\/","title":{"rendered":"Services"},"content":{"rendered":"<p>[et_pb_section fb_built=\u00a0\u00bb1&Prime; custom_padding_last_edited=\u00a0\u00bbon|desktop\u00a0\u00bb admin_label=\u00a0\u00bbSektion\u00a0\u00bb module_id=\u00a0\u00bbdienstlesitungen\u00a0\u00bb _builder_version=\u00a0\u00bb3.22&Prime; background_color=\u00a0\u00bb#ffffff\u00a0\u00bb background_image=\u00a0\u00bbhttp:\/\/www.notariat-bachmann.ch\/wp-content\/uploads\/2016\/05\/03_dienstleistungen.jpg\u00a0\u00bb custom_padding_tablet=\u00a0\u00bb50px|0|50px|0&Prime; transparent_background=\u00a0\u00bboff\u00a0\u00bb padding_mobile=\u00a0\u00bboff\u00a0\u00bb make_fullwidth=\u00a0\u00bboff\u00a0\u00bb use_custom_width=\u00a0\u00bboff\u00a0\u00bb width_unit=\u00a0\u00bbon\u00a0\u00bb][et_pb_row padding_mobile=\u00a0\u00bboff\u00a0\u00bb column_padding_mobile=\u00a0\u00bbon\u00a0\u00bb admin_label=\u00a0\u00bbZeile\u00a0\u00bb _builder_version=\u00a0\u00bb3.25&Prime; background_size=\u00a0\u00bbinitial\u00a0\u00bb background_position=\u00a0\u00bbtop_left\u00a0\u00bb background_repeat=\u00a0\u00bbrepeat\u00a0\u00bb make_fullwidth=\u00a0\u00bboff\u00a0\u00bb use_custom_width=\u00a0\u00bboff\u00a0\u00bb width_unit=\u00a0\u00bbon\u00a0\u00bb column_structure=\u00a0\u00bb1_2,1_2&Prime;][et_pb_column type=\u00a0\u00bb1_2&Prime; _builder_version=\u00a0\u00bb3.25&Prime; custom_padding=\u00a0\u00bb|||\u00a0\u00bb custom_padding__hover=\u00a0\u00bb|||\u00a0\u00bb][et_pb_text admin_label=\u00a0\u00bbText\u00a0\u00bb _builder_version=\u00a0\u00bb3.27.4&Prime; background_image=\u00a0\u00bbhttp:\/\/www.notariat-bachmann.ch\/wp-content\/uploads\/2016\/04\/03_hintergrund_transparent.png\u00a0\u00bb background_size=\u00a0\u00bbinitial\u00a0\u00bb background_position=\u00a0\u00bbtop_left\u00a0\u00bb background_repeat=\u00a0\u00bbrepeat\u00a0\u00bb custom_margin=\u00a0\u00bb100px|||\u00a0\u00bb custom_padding=\u00a0\u00bb20px|20px|20px|20px\u00a0\u00bb use_border_color=\u00a0\u00bboff\u00a0\u00bb border_color=\u00a0\u00bb#ffffff\u00a0\u00bb border_style=\u00a0\u00bbsolid\u00a0\u00bb]<\/p>\n<h2 style=\"color: #0066b2;\">Nous services<\/h2>\n<p>Nous proposons la gamme enti\u00e8re de services de notariat pr\u00e9vus par la l\u00e9gislation f\u00e9d\u00e9rale et cantonale en vigueur.<\/p>\n<p>&nbsp;<\/p>\n<h3>DROIT DES SOCIETES, DES FUSIONS ET DES FONDATIONS<\/h3>\n<ul>\n<li>Constitutions de soci\u00e9t\u00e9s<\/li>\n<li>Augmentations ou diminutions de capital<\/li>\n<li>Modifications des statuts et d\u00e9cisions sociales diverses<\/li>\n<li>Contrats et d\u00e9cisions en mati\u00e8re de fusions (fusions, scissions, transformations et transferts de patrimoine)<\/li>\n<li>Constitutions de fondations<\/li>\n<\/ul>\n<h3>DROIT DE LA FAMILLE ET DES SUCCESSIONS<\/h3>\n<ul>\n<li>Contrats de mariage<\/li>\n<li>Pactes successoraux et dispositions testamentaires<\/li>\n<li>Mandats pour cause d\u2019inaptitude<\/li>\n<li>Inventaires de fortune et d\u2019usufruit<\/li>\n<\/ul>\n<p>[\/et_pb_text][\/et_pb_column][et_pb_column type=\u00a0\u00bb1_2&Prime; _builder_version=\u00a0\u00bb3.25&Prime; custom_padding=\u00a0\u00bb|||\u00a0\u00bb custom_padding__hover=\u00a0\u00bb|||\u00a0\u00bb][et_pb_text admin_label=\u00a0\u00bbText\u00a0\u00bb _builder_version=\u00a0\u00bb4.9.0&Prime; background_image=\u00a0\u00bbhttp:\/\/www.notariat-bachmann.ch\/wp-content\/uploads\/2016\/04\/03_hintergrund_transparent.png\u00a0\u00bb background_size=\u00a0\u00bbinitial\u00a0\u00bb background_position=\u00a0\u00bbtop_left\u00a0\u00bb background_repeat=\u00a0\u00bbrepeat\u00a0\u00bb custom_margin=\u00a0\u00bb100px|||\u00a0\u00bb custom_padding=\u00a0\u00bb20px|20px|20px|20px\u00a0\u00bb hover_enabled=\u00a0\u00bb0&Prime; use_border_color=\u00a0\u00bboff\u00a0\u00bb border_color=\u00a0\u00bb#ffffff\u00a0\u00bb border_style=\u00a0\u00bbsolid\u00a0\u00bb sticky_enabled=\u00a0\u00bb0&Prime;]<\/p>\n<h3>IMMEUBLES<\/h3>\n<ul>\n<li>Promesses de contracter aux ventes immobili\u00e8res dans le canton de Soleure<\/li>\n<\/ul>\n<h3>DROIT DES CONTRATS ET AUTRES ACTES AUTHENTIQUES<\/h3>\n<ul>\n<li>Contrats de cautionnement de personnes physiques<\/li>\n<li>Actes authentiques divers pr\u00e9vus par la loi<\/li>\n<li>D\u00e9clarations sous serment<\/li>\n<\/ul>\n<h3>LEGALISATIONS<\/h3>\n<ul>\n<li>L\u00e9galisations de signatures, y compris obtention d\u2019apostilles<\/li>\n<li>Transcriptions\/copies<\/li>\n<\/ul>\n<p>&nbsp;<br \/>\n&nbsp;<br \/>\n<a href=\"https:\/\/www.notariat-bachmann.ch\/fr\/declaration-de-protection-des-donnees\/\" target=\"_blank\" rel=\"noopener\">D\u00c9CLARATION DE PROTECTION DES DONN\u00c9ES<\/a><br \/>\n[\/et_pb_text][\/et_pb_column][\/et_pb_row][\/et_pb_section]<\/p>\n","protected":false},"excerpt":{"rendered":"<p>[et_pb_section fb_built=\u00a0\u00bb1&Prime; custom_padding_last_edited=\u00a0\u00bbon|desktop\u00a0\u00bb admin_label=\u00a0\u00bbSektion\u00a0\u00bb module_id=\u00a0\u00bbdienstlesitungen\u00a0\u00bb _builder_version=\u00a0\u00bb3.22&Prime; background_color=\u00a0\u00bb#ffffff\u00a0\u00bb background_image=\u00a0\u00bbhttp:\/\/www.notariat-bachmann.ch\/wp-content\/uploads\/2016\/05\/03_dienstleistungen.jpg\u00a0\u00bb custom_padding_tablet=\u00a0\u00bb50px|0|50px|0&Prime; transparent_background=\u00a0\u00bboff\u00a0\u00bb padding_mobile=\u00a0\u00bboff\u00a0\u00bb make_fullwidth=\u00a0\u00bboff\u00a0\u00bb use_custom_width=\u00a0\u00bboff\u00a0\u00bb width_unit=\u00a0\u00bbon\u00a0\u00bb][et_pb_row padding_mobile=\u00a0\u00bboff\u00a0\u00bb column_padding_mobile=\u00a0\u00bbon\u00a0\u00bb admin_label=\u00a0\u00bbZeile\u00a0\u00bb _builder_version=\u00a0\u00bb3.25&Prime; background_size=\u00a0\u00bbinitial\u00a0\u00bb background_position=\u00a0\u00bbtop_left\u00a0\u00bb background_repeat=\u00a0\u00bbrepeat\u00a0\u00bb make_fullwidth=\u00a0\u00bboff\u00a0\u00bb use_custom_width=\u00a0\u00bboff\u00a0\u00bb width_unit=\u00a0\u00bbon\u00a0\u00bb column_structure=\u00a0\u00bb1_2,1_2&Prime;][et_pb_column type=\u00a0\u00bb1_2&Prime; _builder_version=\u00a0\u00bb3.25&Prime; custom_padding=\u00a0\u00bb|||\u00a0\u00bb custom_padding__hover=\u00a0\u00bb|||\u00a0\u00bb][et_pb_text admin_label=\u00a0\u00bbText\u00a0\u00bb _builder_version=\u00a0\u00bb3.27.4&Prime; background_image=\u00a0\u00bbhttp:\/\/www.notariat-bachmann.ch\/wp-content\/uploads\/2016\/04\/03_hintergrund_transparent.png\u00a0\u00bb background_size=\u00a0\u00bbinitial\u00a0\u00bb background_position=\u00a0\u00bbtop_left\u00a0\u00bb background_repeat=\u00a0\u00bbrepeat\u00a0\u00bb custom_margin=\u00a0\u00bb100px|||\u00a0\u00bb custom_padding=\u00a0\u00bb20px|20px|20px|20px\u00a0\u00bb use_border_color=\u00a0\u00bboff\u00a0\u00bb border_color=\u00a0\u00bb#ffffff\u00a0\u00bb border_style=\u00a0\u00bbsolid\u00a0\u00bb] Nous services Nous proposons la gamme enti\u00e8re de services de notariat pr\u00e9vus par la l\u00e9gislation [&hellip;]<\/p>\n","protected":false},"author":1,"featured_media":0,"parent":0,"menu_order":0,"comment_status":"closed","ping_status":"closed","template":"","meta":{"_et_pb_use_builder":"on","_et_pb_old_content":"","_et_gb_content_width":"","footnotes":""},"yoast_head":"<!-- This site is optimized with the Yoast SEO plugin v21.4 - https:\/\/yoast.com\/wordpress\/plugins\/seo\/ -->\n<title>Services - Notariat Bachmann<\/title>\n<meta name=\"description\" content=\"Nous proposons la gamme enti\u00e8re de services de notariat pr\u00e9vus par la l\u00e9gislation f\u00e9d\u00e9rale et cantonale en vigueur.\" \/>\n<meta name=\"robots\" content=\"index, follow, max-snippet:-1, max-image-preview:large, max-video-preview:-1\" \/>\n<link rel=\"canonical\" href=\"https:\/\/www.notariat-bachmann.ch\/fr\/services\/\" \/>\n<meta property=\"og:locale\" content=\"fr_FR\" \/>\n<meta property=\"og:type\" content=\"article\" \/>\n<meta property=\"og:title\" content=\"Services - Notariat Bachmann\" \/>\n<meta property=\"og:description\" content=\"Nous proposons la gamme enti\u00e8re de services de notariat pr\u00e9vus par la l\u00e9gislation f\u00e9d\u00e9rale et cantonale en vigueur.\" \/>\n<meta property=\"og:url\" content=\"https:\/\/www.notariat-bachmann.ch\/fr\/services\/\" \/>\n<meta property=\"og:site_name\" content=\"Notariat Bachmann\" \/>\n<meta property=\"article:modified_time\" content=\"2023-10-20T15:04:15+00:00\" \/>\n<meta name=\"twitter:card\" content=\"summary_large_image\" \/>\n<meta name=\"twitter:label1\" content=\"Dur\u00e9e de lecture estim\u00e9e\" \/>\n\t<meta name=\"twitter:data1\" content=\"2 minutes\" \/>\n<script type=\"application\/ld+json\" class=\"yoast-schema-graph\">{\"@context\":\"https:\/\/schema.org\",\"@graph\":[{\"@type\":\"WebPage\",\"@id\":\"https:\/\/www.notariat-bachmann.ch\/fr\/services\/\",\"url\":\"https:\/\/www.notariat-bachmann.ch\/fr\/services\/\",\"name\":\"Services - Notariat Bachmann\",\"isPartOf\":{\"@id\":\"https:\/\/www.notariat-bachmann.ch\/#website\"},\"datePublished\":\"2016-06-17T12:16:49+00:00\",\"dateModified\":\"2023-10-20T15:04:15+00:00\",\"description\":\"Nous proposons la gamme enti\u00e8re de services de notariat pr\u00e9vus par la l\u00e9gislation f\u00e9d\u00e9rale et cantonale en vigueur.\",\"breadcrumb\":{\"@id\":\"https:\/\/www.notariat-bachmann.ch\/fr\/services\/#breadcrumb\"},\"inLanguage\":\"fr-FR\",\"potentialAction\":[{\"@type\":\"ReadAction\",\"target\":[\"https:\/\/www.notariat-bachmann.ch\/fr\/services\/\"]}]},{\"@type\":\"BreadcrumbList\",\"@id\":\"https:\/\/www.notariat-bachmann.ch\/fr\/services\/#breadcrumb\",\"itemListElement\":[{\"@type\":\"ListItem\",\"position\":1,\"name\":\"Startseite\",\"item\":\"https:\/\/www.notariat-bachmann.ch\/fr\/\"},{\"@type\":\"ListItem\",\"position\":2,\"name\":\"Services\"}]},{\"@type\":\"WebSite\",\"@id\":\"https:\/\/www.notariat-bachmann.ch\/#website\",\"url\":\"https:\/\/www.notariat-bachmann.ch\/\",\"name\":\"Notariat Bachmann\",\"description\":\"Daniel Bachmann\",\"potentialAction\":[{\"@type\":\"SearchAction\",\"target\":{\"@type\":\"EntryPoint\",\"urlTemplate\":\"https:\/\/www.notariat-bachmann.ch\/?s={search_term_string}\"},\"query-input\":\"required name=search_term_string\"}],\"inLanguage\":\"fr-FR\"}]}<\/script>\n<!-- \/ Yoast SEO plugin. -->","yoast_head_json":{"title":"Services - Notariat Bachmann","description":"Nous proposons la gamme enti\u00e8re de services de notariat pr\u00e9vus par la l\u00e9gislation f\u00e9d\u00e9rale et cantonale en vigueur.","robots":{"index":"index","follow":"follow","max-snippet":"max-snippet:-1","max-image-preview":"max-image-preview:large","max-video-preview":"max-video-preview:-1"},"canonical":"https:\/\/www.notariat-bachmann.ch\/fr\/services\/","og_locale":"fr_FR","og_type":"article","og_title":"Services - Notariat Bachmann","og_description":"Nous proposons la gamme enti\u00e8re de services de notariat pr\u00e9vus par la l\u00e9gislation f\u00e9d\u00e9rale et cantonale en vigueur.","og_url":"https:\/\/www.notariat-bachmann.ch\/fr\/services\/","og_site_name":"Notariat Bachmann","article_modified_time":"2023-10-20T15:04:15+00:00","twitter_card":"summary_large_image","twitter_misc":{"Dur\u00e9e de lecture estim\u00e9e":"2 minutes"},"schema":{"@context":"https:\/\/schema.org","@graph":[{"@type":"WebPage","@id":"https:\/\/www.notariat-bachmann.ch\/fr\/services\/","url":"https:\/\/www.notariat-bachmann.ch\/fr\/services\/","name":"Services - Notariat Bachmann","isPartOf":{"@id":"https:\/\/www.notariat-bachmann.ch\/#website"},"datePublished":"2016-06-17T12:16:49+00:00","dateModified":"2023-10-20T15:04:15+00:00","description":"Nous proposons la gamme enti\u00e8re de services de notariat pr\u00e9vus par la l\u00e9gislation f\u00e9d\u00e9rale et cantonale en vigueur.","breadcrumb":{"@id":"https:\/\/www.notariat-bachmann.ch\/fr\/services\/#breadcrumb"},"inLanguage":"fr-FR","potentialAction":[{"@type":"ReadAction","target":["https:\/\/www.notariat-bachmann.ch\/fr\/services\/"]}]},{"@type":"BreadcrumbList","@id":"https:\/\/www.notariat-bachmann.ch\/fr\/services\/#breadcrumb","itemListElement":[{"@type":"ListItem","position":1,"name":"Startseite","item":"https:\/\/www.notariat-bachmann.ch\/fr\/"},{"@type":"ListItem","position":2,"name":"Services"}]},{"@type":"WebSite","@id":"https:\/\/www.notariat-bachmann.ch\/#website","url":"https:\/\/www.notariat-bachmann.ch\/","name":"Notariat Bachmann","description":"Daniel Bachmann","potentialAction":[{"@type":"SearchAction","target":{"@type":"EntryPoint","urlTemplate":"https:\/\/www.notariat-bachmann.ch\/?s={search_term_string}"},"query-input":"required name=search_term_string"}],"inLanguage":"fr-FR"}]}},"_links":{"self":[{"href":"https:\/\/www.notariat-bachmann.ch\/fr\/wp-json\/wp\/v2\/pages\/415"}],"collection":[{"href":"https:\/\/www.notariat-bachmann.ch\/fr\/wp-json\/wp\/v2\/pages"}],"about":[{"href":"https:\/\/www.notariat-bachmann.ch\/fr\/wp-json\/wp\/v2\/types\/page"}],"author":[{"embeddable":true,"href":"https:\/\/www.notariat-bachmann.ch\/fr\/wp-json\/wp\/v2\/users\/1"}],"replies":[{"embeddable":true,"href":"https:\/\/www.notariat-bachmann.ch\/fr\/wp-json\/wp\/v2\/comments?post=415"}],"version-history":[{"count":7,"href":"https:\/\/www.notariat-bachmann.ch\/fr\/wp-json\/wp\/v2\/pages\/415\/revisions"}],"predecessor-version":[{"id":653,"href":"https:\/\/www.notariat-bachmann.ch\/fr\/wp-json\/wp\/v2\/pages\/415\/revisions\/653"}],"wp:attachment":[{"href":"https:\/\/www.notariat-bachmann.ch\/fr\/wp-json\/wp\/v2\/media?parent=415"}],"curies":[{"name":"wp","href":"https:\/\/api.w.org\/{rel}","templated":true}]}}