{"id":424,"date":"2016-06-17T12:24:09","date_gmt":"2016-06-17T12:24:09","guid":{"rendered":"http:\/\/www.notariat-bachmann.ch\/fr\/?page_id=424"},"modified":"2023-10-20T15:04:56","modified_gmt":"2023-10-20T15:04:56","slug":"votre-interlocuteur","status":"publish","type":"page","link":"https:\/\/www.notariat-bachmann.ch\/fr\/votre-interlocuteur\/","title":{"rendered":"Votre interlocuteur"},"content":{"rendered":"<p>[et_pb_section fb_built=\u00a0\u00bb1&Prime; custom_padding_last_edited=\u00a0\u00bbon|desktop\u00a0\u00bb admin_label=\u00a0\u00bbSektion\u00a0\u00bb module_id=\u00a0\u00bbansprechpartner\u00a0\u00bb _builder_version=\u00a0\u00bb3.22&Prime; background_color=\u00a0\u00bb#ffffff\u00a0\u00bb background_image=\u00a0\u00bbhttp:\/\/www.notariat-bachmann.ch\/wp-content\/uploads\/2016\/06\/04_ansprechpartner.jpg\u00a0\u00bb custom_padding_tablet=\u00a0\u00bb50px|0|50px|0&Prime; transparent_background=\u00a0\u00bboff\u00a0\u00bb padding_mobile=\u00a0\u00bboff\u00a0\u00bb make_fullwidth=\u00a0\u00bboff\u00a0\u00bb use_custom_width=\u00a0\u00bboff\u00a0\u00bb width_unit=\u00a0\u00bbon\u00a0\u00bb][et_pb_row padding_mobile=\u00a0\u00bboff\u00a0\u00bb column_padding_mobile=\u00a0\u00bbon\u00a0\u00bb admin_label=\u00a0\u00bbZeile\u00a0\u00bb _builder_version=\u00a0\u00bb3.25&Prime; background_size=\u00a0\u00bbinitial\u00a0\u00bb background_position=\u00a0\u00bbtop_left\u00a0\u00bb background_repeat=\u00a0\u00bbrepeat\u00a0\u00bb make_fullwidth=\u00a0\u00bboff\u00a0\u00bb use_custom_width=\u00a0\u00bboff\u00a0\u00bb width_unit=\u00a0\u00bbon\u00a0\u00bb column_structure=\u00a0\u00bb1_2,1_2&Prime;][et_pb_column type=\u00a0\u00bb1_2&Prime; _builder_version=\u00a0\u00bb3.25&Prime; custom_padding=\u00a0\u00bb|||\u00a0\u00bb custom_padding__hover=\u00a0\u00bb|||\u00a0\u00bb][et_pb_team_member image_url=\u00a0\u00bbhttp:\/\/www.notariat-bachmann.ch\/wp-content\/uploads\/2016\/04\/bachmannd.jpg\u00a0\u00bb linkedin_url=\u00a0\u00bbhttps:\/\/www.linkedin.com\/in\/dab700?authType=NAME_SEARCH&#038;authToken=_0FQ&#038;locale=de_DE&#038;trk=tyah&#038;trkInfo=clickedVertical%3Amynetwork%2CclickedEntityId%3A340477192%2CauthType%3ANAME_SEARCH%2Cidx%3A1-3-3%2CtarId%3A1461320373340%2Ctas%3Adaniel%20bachmann\u00a0\u00bb admin_label=\u00a0\u00bbPerson\u00a0\u00bb _builder_version=\u00a0\u00bb3.0.87&Prime; background_image=\u00a0\u00bbhttp:\/\/www.notariat-bachmann.ch\/wp-content\/uploads\/2016\/04\/03_hintergrund_transparent.png\u00a0\u00bb background_size=\u00a0\u00bbinitial\u00a0\u00bb background_position=\u00a0\u00bbtop_left\u00a0\u00bb background_repeat=\u00a0\u00bbrepeat\u00a0\u00bb custom_padding=\u00a0\u00bb20px|20px|20px|20px\u00a0\u00bb animation=\u00a0\u00bbleft\u00a0\u00bb use_border_color=\u00a0\u00bboff\u00a0\u00bb border_color=\u00a0\u00bb#ffffff\u00a0\u00bb border_style=\u00a0\u00bbsolid\u00a0\u00bb]<\/p>\n<h2>lic.iur. Daniel Bachmann<\/h2>\n<p>Avocat et notaire, certificate of advanced studies (CAS) en propriete intellectuelle et en droit de la concurrence<\/p>\n<p>Autorisation d\u2019exercise de la profession de notaire dans le canton de soleure<br \/>\nInscrit au registre des avocats<\/p>\n<p><a href=\"http:\/\/www.notariat-bachmann.ch\/wp-content\/uploads\/2016\/06\/CV_Daniel_Bachmann_fr.pdf\" target=\"_blank\" rel=\"noopener\">Lien vers CV<\/a><br \/>\n[\/et_pb_team_member][et_pb_text admin_label=\u00a0\u00bbText\u00a0\u00bb _builder_version=\u00a0\u00bb3.27.4&Prime; background_image=\u00a0\u00bbhttp:\/\/www.notariat-bachmann.ch\/wp-content\/uploads\/2016\/04\/03_hintergrund_transparent.png\u00a0\u00bb background_size=\u00a0\u00bbinitial\u00a0\u00bb background_position=\u00a0\u00bbtop_left\u00a0\u00bb background_repeat=\u00a0\u00bbrepeat\u00a0\u00bb custom_padding=\u00a0\u00bb20px|20px|20px|20px\u00a0\u00bb use_border_color=\u00a0\u00bboff\u00a0\u00bb border_color=\u00a0\u00bb#ffffff\u00a0\u00bb border_style=\u00a0\u00bbsolid\u00a0\u00bb]<\/p>\n<h3>PRINCIPAUX DOMAINES D\u2019ACTIVITE<\/h3>\n<ul>\n<li>Notariat<\/li>\n<li>Fusions &amp; acquisition (achat et vente d\u2019entreprises, due diligence, entreprises communes et restructurations diverses)<\/li>\n<li>Droit des soci\u00e9t\u00e9s et droit commercial (y.c. gouvernance d\u2019entreprise et conformit\u00e9 l\u00e9gale)<\/li>\n<li>Succession d\u2019entrepreneurs et planification successorale en g\u00e9n\u00e9ral<\/li>\n<li>Droit national et international des contrats, notamment droit de la distribution et des licences<\/li>\n<li>Droit immobilier<\/li>\n<li>Droit des cartels et de la concurrence<\/li>\n<li>Membre de conseils d\u2019administration<\/li>\n<\/ul>\n<p>[\/et_pb_text][\/et_pb_column][et_pb_column type=\u00a0\u00bb1_2&Prime; _builder_version=\u00a0\u00bb3.25&Prime; custom_padding=\u00a0\u00bb|||\u00a0\u00bb custom_padding__hover=\u00a0\u00bb|||\u00a0\u00bb][et_pb_text admin_label=\u00a0\u00bbText\u00a0\u00bb _builder_version=\u00a0\u00bb4.9.0&Prime; background_image=\u00a0\u00bbhttp:\/\/www.notariat-bachmann.ch\/wp-content\/uploads\/2016\/04\/03_hintergrund_transparent.png\u00a0\u00bb background_size=\u00a0\u00bbinitial\u00a0\u00bb background_position=\u00a0\u00bbtop_left\u00a0\u00bb background_repeat=\u00a0\u00bbrepeat\u00a0\u00bb custom_padding=\u00a0\u00bb20px|20px|20px|20px\u00a0\u00bb hover_enabled=\u00a0\u00bb0&Prime; use_border_color=\u00a0\u00bboff\u00a0\u00bb border_color=\u00a0\u00bb#ffffff\u00a0\u00bb border_style=\u00a0\u00bbsolid\u00a0\u00bb sticky_enabled=\u00a0\u00bb0&Prime;]<\/p>\n<h3>MANDATS ET PROJETS ACCOMPLIS<\/h3>\n<ul>\n<li>\u00c9laboration conjointe et organisation de solutions de successions intrafamiliales d\u2019entreprises (sur le plan du droit des successions et des soci\u00e9t\u00e9s)<\/li>\n<li>Accompagnement lors de restructurations, de fusions, de scissions, de transferts de patrimoine et d\u2019augmentations ou diminutions de capital dans des groupes et des entreprises individuelles<\/li>\n<li>Activit\u00e9 en qualit\u00e9 d\u2019ex\u00e9cuteur testamentaire<\/li>\n<li>Conseil et assistance en mati\u00e8re de gouvernance d\u2019entreprise et de conformit\u00e9 l\u00e9gale pour des soci\u00e9t\u00e9s cot\u00e9es en bourse et des PME<\/li>\n<li>Assistance \u00e0 des groupes d\u2019entreprises suisses et \u00e9trangers pour l\u2019ex\u00e9cution de la due diligence, la r\u00e9daction de contrats et d\u2019autres documents juridiques ainsi que la tenue de n\u00e9gociations contractuelles dans le cadre de la reprise de soci\u00e9t\u00e9s et de groupes d\u2019entreprises suisses<\/li>\n<li>Assistance \u00e0 des entreprises suisses dans le cadre d\u2019acquisitions d\u2019entreprises \u00e0 l\u2019\u00e9tranger<\/li>\n<li>Assistance aux vendeurs dans le cadre de la vente de soci\u00e9t\u00e9s et de groupes d\u2019entreprises priv\u00e9s suisses, actifs dans diff\u00e9rents secteurs, \u00e0 des acheteurs suisses ou \u00e9trangers<\/li>\n<li>Fonction de service juridique externe pour des PME comprenant le traitement de toutes questions relevant du droit des soci\u00e9t\u00e9s, du droit commercial et des contrats de travail<\/li>\n<li>Conseil et aide en mati\u00e8re de droit des contrats pour des soci\u00e9t\u00e9s exportatrices<\/li>\n<li>Introduction de mod\u00e8les de participation des employ\u00e9s dans des soci\u00e9t\u00e9s non cot\u00e9es en bourse<\/li>\n<li>Pr\u00e9sident et membre de conseils d\u2019administration<\/li>\n<\/ul>\n<h3>PUBLICATIONS<\/h3>\n<ul>\n<li>Articles dans diff\u00e9rentes publications d\u2019Ernst &amp; Young, principalement sur le droit des cartels, des soci\u00e9t\u00e9s, de la comptabilit\u00e9 et de la bourse<\/li>\n<li>De 2004 \u00e0 2015, \u00e9diteur responsable de la lettre de nouvelles \u00ab Legal News \u00bb d\u2019Ernst &amp; Young, publi\u00e9e 8 \u00e0 10 fois par an<\/li>\n<li>Articles dans \u00abL\u2019Expert-comptable suisse\u00bb<\/li>\n<\/ul>\n<p><a href=\"http:\/\/www.notariat-bachmann.ch\/wp-content\/uploads\/2016\/06\/Publications_Daniel_Bachmann_fr.pdf\" target=\"_blank\" rel=\"noopener\">Liste exhaustive de publications<\/a><br \/>\n&nbsp;<br \/>\n&nbsp;<br \/>\n<a href=\"https:\/\/www.notariat-bachmann.ch\/fr\/declaration-de-protection-des-donnees\/\" target=\"_blank\" rel=\"noopener\">D\u00c9CLARATION DE PROTECTION DES DONN\u00c9ES<\/a><br \/>\n[\/et_pb_text][\/et_pb_column][\/et_pb_row][\/et_pb_section]<\/p>\n","protected":false},"excerpt":{"rendered":"<p>[et_pb_section fb_built=\u00a0\u00bb1&Prime; custom_padding_last_edited=\u00a0\u00bbon|desktop\u00a0\u00bb admin_label=\u00a0\u00bbSektion\u00a0\u00bb module_id=\u00a0\u00bbansprechpartner\u00a0\u00bb _builder_version=\u00a0\u00bb3.22&Prime; background_color=\u00a0\u00bb#ffffff\u00a0\u00bb background_image=\u00a0\u00bbhttp:\/\/www.notariat-bachmann.ch\/wp-content\/uploads\/2016\/06\/04_ansprechpartner.jpg\u00a0\u00bb custom_padding_tablet=\u00a0\u00bb50px|0|50px|0&Prime; transparent_background=\u00a0\u00bboff\u00a0\u00bb padding_mobile=\u00a0\u00bboff\u00a0\u00bb make_fullwidth=\u00a0\u00bboff\u00a0\u00bb use_custom_width=\u00a0\u00bboff\u00a0\u00bb width_unit=\u00a0\u00bbon\u00a0\u00bb][et_pb_row padding_mobile=\u00a0\u00bboff\u00a0\u00bb column_padding_mobile=\u00a0\u00bbon\u00a0\u00bb admin_label=\u00a0\u00bbZeile\u00a0\u00bb _builder_version=\u00a0\u00bb3.25&Prime; background_size=\u00a0\u00bbinitial\u00a0\u00bb background_position=\u00a0\u00bbtop_left\u00a0\u00bb background_repeat=\u00a0\u00bbrepeat\u00a0\u00bb make_fullwidth=\u00a0\u00bboff\u00a0\u00bb use_custom_width=\u00a0\u00bboff\u00a0\u00bb width_unit=\u00a0\u00bbon\u00a0\u00bb column_structure=\u00a0\u00bb1_2,1_2&Prime;][et_pb_column type=\u00a0\u00bb1_2&Prime; _builder_version=\u00a0\u00bb3.25&Prime; custom_padding=\u00a0\u00bb|||\u00a0\u00bb custom_padding__hover=\u00a0\u00bb|||\u00a0\u00bb][et_pb_team_member image_url=\u00a0\u00bbhttp:\/\/www.notariat-bachmann.ch\/wp-content\/uploads\/2016\/04\/bachmannd.jpg\u00a0\u00bb linkedin_url=\u00a0\u00bbhttps:\/\/www.linkedin.com\/in\/dab700?authType=NAME_SEARCH&#038;authToken=_0FQ&#038;locale=de_DE&#038;trk=tyah&#038;trkInfo=clickedVertical%3Amynetwork%2CclickedEntityId%3A340477192%2CauthType%3ANAME_SEARCH%2Cidx%3A1-3-3%2CtarId%3A1461320373340%2Ctas%3Adaniel%20bachmann\u00a0\u00bb admin_label=\u00a0\u00bbPerson\u00a0\u00bb _builder_version=\u00a0\u00bb3.0.87&Prime; background_image=\u00a0\u00bbhttp:\/\/www.notariat-bachmann.ch\/wp-content\/uploads\/2016\/04\/03_hintergrund_transparent.png\u00a0\u00bb background_size=\u00a0\u00bbinitial\u00a0\u00bb background_position=\u00a0\u00bbtop_left\u00a0\u00bb background_repeat=\u00a0\u00bbrepeat\u00a0\u00bb custom_padding=\u00a0\u00bb20px|20px|20px|20px\u00a0\u00bb animation=\u00a0\u00bbleft\u00a0\u00bb use_border_color=\u00a0\u00bboff\u00a0\u00bb border_color=\u00a0\u00bb#ffffff\u00a0\u00bb border_style=\u00a0\u00bbsolid\u00a0\u00bb] lic.iur. Daniel Bachmann Avocat et notaire, certificate of advanced studies (CAS) en propriete [&hellip;]<\/p>\n","protected":false},"author":1,"featured_media":0,"parent":0,"menu_order":0,"comment_status":"closed","ping_status":"closed","template":"","meta":{"_et_pb_use_builder":"on","_et_pb_old_content":"","_et_gb_content_width":"","footnotes":""},"yoast_head":"<!-- This site is optimized with the Yoast SEO plugin v21.4 - https:\/\/yoast.com\/wordpress\/plugins\/seo\/ -->\n<title>Votre interlocuteur - Notariat Bachmann<\/title>\n<meta name=\"description\" content=\"lic.iur. Daniel Bachmann Avocat et notaire, certificate of advanced studies (CAS) en propriete intellectuelle et en droit de la concurrence\" \/>\n<meta name=\"robots\" content=\"index, follow, max-snippet:-1, max-image-preview:large, max-video-preview:-1\" \/>\n<link rel=\"canonical\" href=\"https:\/\/www.notariat-bachmann.ch\/fr\/votre-interlocuteur\/\" \/>\n<meta property=\"og:locale\" content=\"fr_FR\" \/>\n<meta property=\"og:type\" content=\"article\" \/>\n<meta property=\"og:title\" content=\"Votre interlocuteur - Notariat Bachmann\" \/>\n<meta property=\"og:description\" content=\"lic.iur. Daniel Bachmann Avocat et notaire, certificate of advanced studies (CAS) en propriete intellectuelle et en droit de la concurrence\" \/>\n<meta property=\"og:url\" content=\"https:\/\/www.notariat-bachmann.ch\/fr\/votre-interlocuteur\/\" \/>\n<meta property=\"og:site_name\" content=\"Notariat Bachmann\" \/>\n<meta property=\"article:modified_time\" content=\"2023-10-20T15:04:56+00:00\" \/>\n<meta name=\"twitter:card\" content=\"summary_large_image\" \/>\n<meta name=\"twitter:label1\" content=\"Dur\u00e9e de lecture estim\u00e9e\" \/>\n\t<meta name=\"twitter:data1\" content=\"3 minutes\" \/>\n<script type=\"application\/ld+json\" class=\"yoast-schema-graph\">{\"@context\":\"https:\/\/schema.org\",\"@graph\":[{\"@type\":\"WebPage\",\"@id\":\"https:\/\/www.notariat-bachmann.ch\/fr\/votre-interlocuteur\/\",\"url\":\"https:\/\/www.notariat-bachmann.ch\/fr\/votre-interlocuteur\/\",\"name\":\"Votre interlocuteur - Notariat Bachmann\",\"isPartOf\":{\"@id\":\"https:\/\/www.notariat-bachmann.ch\/#website\"},\"datePublished\":\"2016-06-17T12:24:09+00:00\",\"dateModified\":\"2023-10-20T15:04:56+00:00\",\"description\":\"lic.iur. Daniel Bachmann Avocat et notaire, certificate of advanced studies (CAS) en propriete intellectuelle et en droit de la concurrence\",\"breadcrumb\":{\"@id\":\"https:\/\/www.notariat-bachmann.ch\/fr\/votre-interlocuteur\/#breadcrumb\"},\"inLanguage\":\"fr-FR\",\"potentialAction\":[{\"@type\":\"ReadAction\",\"target\":[\"https:\/\/www.notariat-bachmann.ch\/fr\/votre-interlocuteur\/\"]}]},{\"@type\":\"BreadcrumbList\",\"@id\":\"https:\/\/www.notariat-bachmann.ch\/fr\/votre-interlocuteur\/#breadcrumb\",\"itemListElement\":[{\"@type\":\"ListItem\",\"position\":1,\"name\":\"Startseite\",\"item\":\"https:\/\/www.notariat-bachmann.ch\/fr\/\"},{\"@type\":\"ListItem\",\"position\":2,\"name\":\"Votre interlocuteur\"}]},{\"@type\":\"WebSite\",\"@id\":\"https:\/\/www.notariat-bachmann.ch\/#website\",\"url\":\"https:\/\/www.notariat-bachmann.ch\/\",\"name\":\"Notariat Bachmann\",\"description\":\"Daniel Bachmann\",\"potentialAction\":[{\"@type\":\"SearchAction\",\"target\":{\"@type\":\"EntryPoint\",\"urlTemplate\":\"https:\/\/www.notariat-bachmann.ch\/?s={search_term_string}\"},\"query-input\":\"required name=search_term_string\"}],\"inLanguage\":\"fr-FR\"}]}<\/script>\n<!-- \/ Yoast SEO plugin. -->","yoast_head_json":{"title":"Votre interlocuteur - Notariat Bachmann","description":"lic.iur. Daniel Bachmann Avocat et notaire, certificate of advanced studies (CAS) en propriete intellectuelle et en droit de la concurrence","robots":{"index":"index","follow":"follow","max-snippet":"max-snippet:-1","max-image-preview":"max-image-preview:large","max-video-preview":"max-video-preview:-1"},"canonical":"https:\/\/www.notariat-bachmann.ch\/fr\/votre-interlocuteur\/","og_locale":"fr_FR","og_type":"article","og_title":"Votre interlocuteur - Notariat Bachmann","og_description":"lic.iur. Daniel Bachmann Avocat et notaire, certificate of advanced studies (CAS) en propriete intellectuelle et en droit de la concurrence","og_url":"https:\/\/www.notariat-bachmann.ch\/fr\/votre-interlocuteur\/","og_site_name":"Notariat Bachmann","article_modified_time":"2023-10-20T15:04:56+00:00","twitter_card":"summary_large_image","twitter_misc":{"Dur\u00e9e de lecture estim\u00e9e":"3 minutes"},"schema":{"@context":"https:\/\/schema.org","@graph":[{"@type":"WebPage","@id":"https:\/\/www.notariat-bachmann.ch\/fr\/votre-interlocuteur\/","url":"https:\/\/www.notariat-bachmann.ch\/fr\/votre-interlocuteur\/","name":"Votre interlocuteur - Notariat Bachmann","isPartOf":{"@id":"https:\/\/www.notariat-bachmann.ch\/#website"},"datePublished":"2016-06-17T12:24:09+00:00","dateModified":"2023-10-20T15:04:56+00:00","description":"lic.iur. Daniel Bachmann Avocat et notaire, certificate of advanced studies (CAS) en propriete intellectuelle et en droit de la concurrence","breadcrumb":{"@id":"https:\/\/www.notariat-bachmann.ch\/fr\/votre-interlocuteur\/#breadcrumb"},"inLanguage":"fr-FR","potentialAction":[{"@type":"ReadAction","target":["https:\/\/www.notariat-bachmann.ch\/fr\/votre-interlocuteur\/"]}]},{"@type":"BreadcrumbList","@id":"https:\/\/www.notariat-bachmann.ch\/fr\/votre-interlocuteur\/#breadcrumb","itemListElement":[{"@type":"ListItem","position":1,"name":"Startseite","item":"https:\/\/www.notariat-bachmann.ch\/fr\/"},{"@type":"ListItem","position":2,"name":"Votre interlocuteur"}]},{"@type":"WebSite","@id":"https:\/\/www.notariat-bachmann.ch\/#website","url":"https:\/\/www.notariat-bachmann.ch\/","name":"Notariat Bachmann","description":"Daniel Bachmann","potentialAction":[{"@type":"SearchAction","target":{"@type":"EntryPoint","urlTemplate":"https:\/\/www.notariat-bachmann.ch\/?s={search_term_string}"},"query-input":"required name=search_term_string"}],"inLanguage":"fr-FR"}]}},"_links":{"self":[{"href":"https:\/\/www.notariat-bachmann.ch\/fr\/wp-json\/wp\/v2\/pages\/424"}],"collection":[{"href":"https:\/\/www.notariat-bachmann.ch\/fr\/wp-json\/wp\/v2\/pages"}],"about":[{"href":"https:\/\/www.notariat-bachmann.ch\/fr\/wp-json\/wp\/v2\/types\/page"}],"author":[{"embeddable":true,"href":"https:\/\/www.notariat-bachmann.ch\/fr\/wp-json\/wp\/v2\/users\/1"}],"replies":[{"embeddable":true,"href":"https:\/\/www.notariat-bachmann.ch\/fr\/wp-json\/wp\/v2\/comments?post=424"}],"version-history":[{"count":11,"href":"https:\/\/www.notariat-bachmann.ch\/fr\/wp-json\/wp\/v2\/pages\/424\/revisions"}],"predecessor-version":[{"id":658,"href":"https:\/\/www.notariat-bachmann.ch\/fr\/wp-json\/wp\/v2\/pages\/424\/revisions\/658"}],"wp:attachment":[{"href":"https:\/\/www.notariat-bachmann.ch\/fr\/wp-json\/wp\/v2\/media?parent=424"}],"curies":[{"name":"wp","href":"https:\/\/api.w.org\/{rel}","templated":true}]}}